{"id":7,"date":"2020-02-21T17:03:22","date_gmt":"2020-02-21T17:03:22","guid":{"rendered":"http:\/\/t-baron.de\/?page_id=7"},"modified":"2020-02-22T17:25:56","modified_gmt":"2020-02-22T17:25:56","slug":"bauwerkspruefung","status":"publish","type":"page","link":"https:\/\/t-baron.de\/?page_id=7","title":{"rendered":"Bauwerkspr\u00fcfung"},"content":{"rendered":"\n<ul><li>Br\u00fcckenpr\u00fcfung<\/li><\/ul>\n\n\n\n<p>Die Pr\u00fcfung von Holzbr\u00fccken nach DIN 1076 erfordert im Vergleich zu Massivbr\u00fccken eine spezifische Herangehensweise. Nach dem Prinzip des schw\u00e4chsten Gliedes der Kette m\u00fcssen neuralgische Detailpunkte akribisch untersucht werden. Dabei ist neben dem Ingenieur- zus\u00e4tzlich baubiologisches Wissen erforderlich, um erfolgreich die Strategien holzzerst\u00f6render Pilze und Insekten zu erkennen. Zerst\u00f6rungsarme und zerst\u00f6rungsfreie Pr\u00fcfverfahren werden dabei&nbsp; unterst\u00fctzend eingesetzt. Nach erfolgter statisch-konstruktiver und holzschutztechnischer Pr\u00fcfung werden individuell angepasste Instandsetzungsvorschl\u00e4ge gemacht. Unsere Pr\u00fcfungen beinhalten eine Behebung Baulicher Holzschutzfehler, aber auch Verbesserungsvorschl\u00e4ge zum Baulichen Holzschutz, auch wenn noch keine Sch\u00e4den aufgetreten sind, um die Nachhaltigkeit unserer Pr\u00fcfungen zu sichern. <\/p>\n\n\n\n<figure class=\"wp-block-image size-large\"><img loading=\"lazy\" width=\"1024\" height=\"900\" src=\"http:\/\/t-baron.de\/wp-content\/uploads\/2020\/02\/IM017925-1024x900.jpg\" alt=\"\" class=\"wp-image-69\" srcset=\"https:\/\/t-baron.de\/wp-content\/uploads\/2020\/02\/IM017925-1024x900.jpg 1024w, https:\/\/t-baron.de\/wp-content\/uploads\/2020\/02\/IM017925-300x264.jpg 300w, https:\/\/t-baron.de\/wp-content\/uploads\/2020\/02\/IM017925-768x675.jpg 768w, https:\/\/t-baron.de\/wp-content\/uploads\/2020\/02\/IM017925.jpg 1335w\" sizes=\"(max-width: 767px) 89vw, (max-width: 1000px) 54vw, (max-width: 1071px) 543px, 580px\" \/><\/figure>\n\n\n\n<figure class=\"wp-block-image size-large\"><img loading=\"lazy\" width=\"768\" height=\"1024\" src=\"http:\/\/t-baron.de\/wp-content\/uploads\/2020\/02\/P9160032-768x1024.jpg\" alt=\"\" class=\"wp-image-74\" srcset=\"https:\/\/t-baron.de\/wp-content\/uploads\/2020\/02\/P9160032-768x1024.jpg 768w, https:\/\/t-baron.de\/wp-content\/uploads\/2020\/02\/P9160032-225x300.jpg 225w, https:\/\/t-baron.de\/wp-content\/uploads\/2020\/02\/P9160032-1152x1536.jpg 1152w, https:\/\/t-baron.de\/wp-content\/uploads\/2020\/02\/P9160032-1536x2048.jpg 1536w, https:\/\/t-baron.de\/wp-content\/uploads\/2020\/02\/P9160032-scaled.jpg 1920w\" sizes=\"(max-width: 767px) 89vw, (max-width: 1000px) 54vw, (max-width: 1071px) 543px, 580px\" \/><\/figure>\n\n\n\n<figure class=\"wp-block-image size-large\"><img loading=\"lazy\" width=\"1024\" height=\"481\" src=\"http:\/\/t-baron.de\/wp-content\/uploads\/2020\/02\/Bohrung_-Schaeden-1024x481.jpg\" alt=\"\" class=\"wp-image-75\" srcset=\"https:\/\/t-baron.de\/wp-content\/uploads\/2020\/02\/Bohrung_-Schaeden-1024x481.jpg 1024w, https:\/\/t-baron.de\/wp-content\/uploads\/2020\/02\/Bohrung_-Schaeden-300x141.jpg 300w, https:\/\/t-baron.de\/wp-content\/uploads\/2020\/02\/Bohrung_-Schaeden-768x361.jpg 768w, https:\/\/t-baron.de\/wp-content\/uploads\/2020\/02\/Bohrung_-Schaeden.jpg 1450w\" sizes=\"(max-width: 767px) 89vw, (max-width: 1000px) 54vw, (max-width: 1071px) 543px, 580px\" \/><\/figure>\n\n\n\n<ul><li>Hallentragwerkspr\u00fcfung<\/li><\/ul>\n\n\n\n<p>Die Pr\u00fcfung bestehender Hallentragwerke aus Holz ist beispielsweise mit der Rissbewertung verbunden. Dabei verf\u00fcgen wir \u00fcber die notwendige Erfahrung, ein relevantes Pr\u00fcfregime zu entwickeln, das neben der Ultraschallecho- oder Bohrwiderstandspr\u00fcfung auch die Probennahme und -pr\u00fcfung auf Druck- oder Scherfestigkeit beinhalten kann. Die Bewertung der verwendeten Kleberart ist dabei ebenso wichtig wie die Einsch\u00e4tzung der Feuchtigkeitsverh\u00e4ltnisse unter Nutzungsbedingungen vor Ort. Die Risssanierung im tragenden Bereich erfordert die Zertifizierung des ausf\u00fchrenden Unternehmens.<\/p>\n\n\n\n<figure class=\"wp-block-image size-large\"><img loading=\"lazy\" width=\"698\" height=\"524\" src=\"http:\/\/t-baron.de\/wp-content\/uploads\/2020\/02\/Hallentragwerk1.jpg\" alt=\"\" class=\"wp-image-103\" srcset=\"https:\/\/t-baron.de\/wp-content\/uploads\/2020\/02\/Hallentragwerk1.jpg 698w, https:\/\/t-baron.de\/wp-content\/uploads\/2020\/02\/Hallentragwerk1-300x225.jpg 300w\" sizes=\"(max-width: 698px) 100vw, 698px\" \/><\/figure>\n\n\n\n<figure class=\"wp-block-image size-large\"><img loading=\"lazy\" width=\"1024\" height=\"663\" src=\"http:\/\/t-baron.de\/wp-content\/uploads\/2020\/02\/BK2-1024x663.jpg\" alt=\"\" class=\"wp-image-106\" srcset=\"https:\/\/t-baron.de\/wp-content\/uploads\/2020\/02\/BK2-1024x663.jpg 1024w, https:\/\/t-baron.de\/wp-content\/uploads\/2020\/02\/BK2-300x194.jpg 300w, https:\/\/t-baron.de\/wp-content\/uploads\/2020\/02\/BK2-768x497.jpg 768w, https:\/\/t-baron.de\/wp-content\/uploads\/2020\/02\/BK2-1536x994.jpg 1536w, https:\/\/t-baron.de\/wp-content\/uploads\/2020\/02\/BK2.jpg 1554w\" sizes=\"(max-width: 767px) 89vw, (max-width: 1000px) 54vw, (max-width: 1071px) 543px, 580px\" \/><\/figure>\n\n\n\n<figure class=\"wp-block-image size-large\"><img loading=\"lazy\" width=\"1024\" height=\"621\" src=\"http:\/\/t-baron.de\/wp-content\/uploads\/2020\/02\/BK1-1024x621.jpg\" alt=\"\" class=\"wp-image-105\" srcset=\"https:\/\/t-baron.de\/wp-content\/uploads\/2020\/02\/BK1-1024x621.jpg 1024w, https:\/\/t-baron.de\/wp-content\/uploads\/2020\/02\/BK1-300x182.jpg 300w, https:\/\/t-baron.de\/wp-content\/uploads\/2020\/02\/BK1-768x465.jpg 768w, https:\/\/t-baron.de\/wp-content\/uploads\/2020\/02\/BK1-1536x931.jpg 1536w, https:\/\/t-baron.de\/wp-content\/uploads\/2020\/02\/BK1-2048x1241.jpg 2048w\" sizes=\"(max-width: 767px) 89vw, (max-width: 1000px) 54vw, (max-width: 1071px) 543px, 580px\" \/><figcaption>Unicode<\/figcaption><\/figure>\n\n\n\n<figure class=\"wp-block-image size-large\"><img loading=\"lazy\" width=\"1024\" height=\"574\" src=\"http:\/\/t-baron.de\/wp-content\/uploads\/2020\/02\/Hallentragwerk2-1024x574.jpg\" alt=\"\" class=\"wp-image-123\" srcset=\"https:\/\/t-baron.de\/wp-content\/uploads\/2020\/02\/Hallentragwerk2-1024x574.jpg 1024w, https:\/\/t-baron.de\/wp-content\/uploads\/2020\/02\/Hallentragwerk2-300x168.jpg 300w, https:\/\/t-baron.de\/wp-content\/uploads\/2020\/02\/Hallentragwerk2-768x431.jpg 768w, https:\/\/t-baron.de\/wp-content\/uploads\/2020\/02\/Hallentragwerk2.jpg 1535w\" sizes=\"(max-width: 767px) 89vw, (max-width: 1000px) 54vw, (max-width: 1071px) 543px, 580px\" \/><\/figure>\n","protected":false},"excerpt":{"rendered":"<p>Br\u00fcckenpr\u00fcfung Die Pr\u00fcfung von Holzbr\u00fccken nach DIN 1076 erfordert im Vergleich zu Massivbr\u00fccken eine spezifische Herangehensweise. Nach dem Prinzip des schw\u00e4chsten Gliedes der Kette m\u00fcssen neuralgische Detailpunkte akribisch untersucht werden. Dabei ist neben dem Ingenieur- zus\u00e4tzlich baubiologisches Wissen erforderlich, um erfolgreich die Strategien holzzerst\u00f6render Pilze und Insekten zu erkennen. Zerst\u00f6rungsarme und zerst\u00f6rungsfreie Pr\u00fcfverfahren werden dabei&nbsp; &hellip; <\/p>\n<p class=\"link-more\"><a href=\"https:\/\/t-baron.de\/?page_id=7\" class=\"more-link\"><span class=\"screen-reader-text\">\u201eBauwerkspr\u00fcfung\u201c<\/span> weiterlesen<\/a><\/p>\n","protected":false},"author":1,"featured_media":0,"parent":0,"menu_order":0,"comment_status":"closed","ping_status":"closed","template":"","meta":[],"_links":{"self":[{"href":"https:\/\/t-baron.de\/index.php?rest_route=\/wp\/v2\/pages\/7"}],"collection":[{"href":"https:\/\/t-baron.de\/index.php?rest_route=\/wp\/v2\/pages"}],"about":[{"href":"https:\/\/t-baron.de\/index.php?rest_route=\/wp\/v2\/types\/page"}],"author":[{"embeddable":true,"href":"https:\/\/t-baron.de\/index.php?rest_route=\/wp\/v2\/users\/1"}],"replies":[{"embeddable":true,"href":"https:\/\/t-baron.de\/index.php?rest_route=%2Fwp%2Fv2%2Fcomments&post=7"}],"version-history":[{"count":10,"href":"https:\/\/t-baron.de\/index.php?rest_route=\/wp\/v2\/pages\/7\/revisions"}],"predecessor-version":[{"id":124,"href":"https:\/\/t-baron.de\/index.php?rest_route=\/wp\/v2\/pages\/7\/revisions\/124"}],"wp:attachment":[{"href":"https:\/\/t-baron.de\/index.php?rest_route=%2Fwp%2Fv2%2Fmedia&parent=7"}],"curies":[{"name":"wp","href":"https:\/\/api.w.org\/{rel}","templated":true}]}}