{"id":52,"date":"2020-02-22T14:20:11","date_gmt":"2020-02-22T14:20:11","guid":{"rendered":"http:\/\/t-baron.de\/?page_id=52"},"modified":"2020-02-22T17:19:42","modified_gmt":"2020-02-22T17:19:42","slug":"bauzustandsanalytik-bei-sanierung-und-denkmalpflege","status":"publish","type":"page","link":"https:\/\/t-baron.de\/?page_id=52","title":{"rendered":"Bauzustandsanalytik und Sanierung"},"content":{"rendered":"\n<p>Die Bauaufgaben in der Sanierung und der Denkmalpflege erfordern eine gesamtheitliche Bewertung der bestehenden Substanz und die komplexe Betrachtung von statisch-konstruktiven, aber auch baustofflichen Eingriffen. Daher sind Kenntnisse nicht nur zu chemisch-physikalischen Eigenschaften historischer Baustoffe, sondern auch Erfahrungen mit Jahrhunderten alten konstruktiven Ausf\u00fchrungen notwendig. <\/p>\n\n\n\n<p>Da die Eigenschaften und die Zusammensetzung von Natursteinen, M\u00f6rteln\noder Beton sehr stark variieren k\u00f6nnen, ist ein genaues Wissen dar\u00fcber f\u00fcr\ndurchzuf\u00fchrende Ma\u00dfnahmen notwendig. Neben der Ermittlung von chemisch-physikalischen\nKennwerten, k\u00f6nnen Baustoffkartierungen eine sinnvolle Erg\u00e4nzung f\u00fcr die\nBauwerksdokumentation sein und eine wichtige Grundlage f\u00fcr die Bewertung des\nBauzustandes gemeinsam mit einer Schadenkartierung darstellen.\n\nFehlende Sperrebenen oder Defekte bei der Wasserabf\u00fchrung f\u00fchren in\nvielen F\u00e4llen zur Durchfeuchtung des Mauerwerkes. Mit au\u00dferplanm\u00e4\u00dfigen\nFeuchtezust\u00e4nden treten Salzausbl\u00fchungen auf, die durch zyklisches L\u00f6sen und\nKristallisieren Putz- und Mauerwerksbaustoffe zerm\u00fcrben. Die Analytik der Schadensursachen\nund der zum Schaden f\u00fchrenden Vorg\u00e4nge geh\u00f6ren f\u00fcr uns zur\nSelbstverst\u00e4ndlichkeit, wenn ein nachhaltiges Instandsetzungskonzept erarbeitet\nwerden soll. Dabei beruht die konzeptionelle Entscheidung auf spezifischen\nKenntnissen der chemischen und physikalischen Wechselwirkungen verschiedener\nBaustoffe bzw. deren Bestandteile, um beispielsweise Treibreaktionen nach der\nSanierung auszuschlie\u00dfen.\n\n\n\n<\/p>\n\n\n\n<figure class=\"wp-block-image size-large\"><img loading=\"lazy\" width=\"1024\" height=\"819\" src=\"http:\/\/t-baron.de\/wp-content\/uploads\/2020\/02\/BZ4-1024x819.jpg\" alt=\"\" class=\"wp-image-114\" srcset=\"https:\/\/t-baron.de\/wp-content\/uploads\/2020\/02\/BZ4-1024x819.jpg 1024w, https:\/\/t-baron.de\/wp-content\/uploads\/2020\/02\/BZ4-300x240.jpg 300w, https:\/\/t-baron.de\/wp-content\/uploads\/2020\/02\/BZ4-768x614.jpg 768w, https:\/\/t-baron.de\/wp-content\/uploads\/2020\/02\/BZ4-1536x1229.jpg 1536w, https:\/\/t-baron.de\/wp-content\/uploads\/2020\/02\/BZ4.jpg 1600w\" sizes=\"(max-width: 767px) 89vw, (max-width: 1000px) 54vw, (max-width: 1071px) 543px, 580px\" \/><\/figure>\n\n\n\n<figure class=\"wp-block-image size-large\"><img loading=\"lazy\" width=\"1024\" height=\"741\" src=\"http:\/\/t-baron.de\/wp-content\/uploads\/2020\/02\/BZ9-1-1024x741.jpg\" alt=\"\" class=\"wp-image-119\" srcset=\"https:\/\/t-baron.de\/wp-content\/uploads\/2020\/02\/BZ9-1-1024x741.jpg 1024w, https:\/\/t-baron.de\/wp-content\/uploads\/2020\/02\/BZ9-1-300x217.jpg 300w, https:\/\/t-baron.de\/wp-content\/uploads\/2020\/02\/BZ9-1-768x556.jpg 768w, https:\/\/t-baron.de\/wp-content\/uploads\/2020\/02\/BZ9-1-1536x1112.jpg 1536w, https:\/\/t-baron.de\/wp-content\/uploads\/2020\/02\/BZ9-1-2048x1483.jpg 2048w\" sizes=\"(max-width: 767px) 89vw, (max-width: 1000px) 54vw, (max-width: 1071px) 543px, 580px\" \/><\/figure>\n\n\n\n<p>Durch jahrelange\nErfahrungen bei der Sanierung und Bearbeitung denkmalgesch\u00fctzter Substanz sind\nwir bei derartigen Bauaufgaben sicher im Umgang mit baurechtlichen\nBesonderheiten oder auch mit Kosten beeinflussenden Eigenheiten bei\nAusschreibung, Vergabe und Abrechnung und agieren im Sinne der Bauherren f\u00fcr\noptimale finanzielle und bauliche Bedingungen.\n\nDie besondere Qualifikation als Sachverst\u00e4ndiger f\u00fcr Holzschutz erweist\nsich in Kombination mit ingenieurtechnischem Wissen als unbedingter Vorteil bei\nSanierungsaufgaben. Eine normengerechte oder alternative Instandsetzung kann\nnur bei genauer Kenntnis der Schadensursachen und der Schadensart individuell\ngeplant und erfolgreich abgeschlossen werden. Hierbei k\u00f6nnen wir auf eine\nVielzahl von erfolgreich bearbeiteten Objekten zur\u00fcck blicken.\n\n\n\n<\/p>\n\n\n\n<figure class=\"wp-block-image size-large\"><img loading=\"lazy\" width=\"819\" height=\"1024\" src=\"http:\/\/t-baron.de\/wp-content\/uploads\/2020\/02\/BZ5-819x1024.jpg\" alt=\"\" class=\"wp-image-108\" srcset=\"https:\/\/t-baron.de\/wp-content\/uploads\/2020\/02\/BZ5-819x1024.jpg 819w, https:\/\/t-baron.de\/wp-content\/uploads\/2020\/02\/BZ5-240x300.jpg 240w, https:\/\/t-baron.de\/wp-content\/uploads\/2020\/02\/BZ5-768x960.jpg 768w, https:\/\/t-baron.de\/wp-content\/uploads\/2020\/02\/BZ5-1229x1536.jpg 1229w, https:\/\/t-baron.de\/wp-content\/uploads\/2020\/02\/BZ5.jpg 1280w\" sizes=\"(max-width: 767px) 89vw, (max-width: 1000px) 54vw, (max-width: 1071px) 543px, 580px\" \/><\/figure>\n\n\n\n<figure class=\"wp-block-image size-large\"><img loading=\"lazy\" width=\"1024\" height=\"856\" src=\"http:\/\/t-baron.de\/wp-content\/uploads\/2020\/02\/BZ8-1024x856.jpg\" alt=\"\" class=\"wp-image-116\" srcset=\"https:\/\/t-baron.de\/wp-content\/uploads\/2020\/02\/BZ8-1024x856.jpg 1024w, https:\/\/t-baron.de\/wp-content\/uploads\/2020\/02\/BZ8-300x251.jpg 300w, https:\/\/t-baron.de\/wp-content\/uploads\/2020\/02\/BZ8-768x642.jpg 768w, https:\/\/t-baron.de\/wp-content\/uploads\/2020\/02\/BZ8.jpg 1237w\" sizes=\"(max-width: 767px) 89vw, (max-width: 1000px) 54vw, (max-width: 1071px) 543px, 580px\" \/><\/figure>\n\n\n\n<figure class=\"wp-block-image size-large\"><img loading=\"lazy\" width=\"1024\" height=\"989\" src=\"http:\/\/t-baron.de\/wp-content\/uploads\/2020\/02\/BZ7-1024x989.jpg\" alt=\"\" class=\"wp-image-115\" srcset=\"https:\/\/t-baron.de\/wp-content\/uploads\/2020\/02\/BZ7-1024x989.jpg 1024w, https:\/\/t-baron.de\/wp-content\/uploads\/2020\/02\/BZ7-300x290.jpg 300w, https:\/\/t-baron.de\/wp-content\/uploads\/2020\/02\/BZ7-768x742.jpg 768w, https:\/\/t-baron.de\/wp-content\/uploads\/2020\/02\/BZ7-1536x1484.jpg 1536w, https:\/\/t-baron.de\/wp-content\/uploads\/2020\/02\/BZ7-2048x1978.jpg 2048w\" sizes=\"(max-width: 767px) 89vw, (max-width: 1000px) 54vw, (max-width: 1071px) 543px, 580px\" \/><\/figure>\n","protected":false},"excerpt":{"rendered":"<p>Die Bauaufgaben in der Sanierung und der Denkmalpflege erfordern eine gesamtheitliche Bewertung der bestehenden Substanz und die komplexe Betrachtung von statisch-konstruktiven, aber auch baustofflichen Eingriffen. Daher sind Kenntnisse nicht nur zu chemisch-physikalischen Eigenschaften historischer Baustoffe, sondern auch Erfahrungen mit Jahrhunderten alten konstruktiven Ausf\u00fchrungen notwendig. Da die Eigenschaften und die Zusammensetzung von Natursteinen, M\u00f6rteln oder Beton &hellip; <\/p>\n<p class=\"link-more\"><a href=\"https:\/\/t-baron.de\/?page_id=52\" class=\"more-link\"><span class=\"screen-reader-text\">\u201eBauzustandsanalytik und Sanierung\u201c<\/span> weiterlesen<\/a><\/p>\n","protected":false},"author":1,"featured_media":0,"parent":0,"menu_order":0,"comment_status":"closed","ping_status":"closed","template":"","meta":[],"_links":{"self":[{"href":"https:\/\/t-baron.de\/index.php?rest_route=\/wp\/v2\/pages\/52"}],"collection":[{"href":"https:\/\/t-baron.de\/index.php?rest_route=\/wp\/v2\/pages"}],"about":[{"href":"https:\/\/t-baron.de\/index.php?rest_route=\/wp\/v2\/types\/page"}],"author":[{"embeddable":true,"href":"https:\/\/t-baron.de\/index.php?rest_route=\/wp\/v2\/users\/1"}],"replies":[{"embeddable":true,"href":"https:\/\/t-baron.de\/index.php?rest_route=%2Fwp%2Fv2%2Fcomments&post=52"}],"version-history":[{"count":4,"href":"https:\/\/t-baron.de\/index.php?rest_route=\/wp\/v2\/pages\/52\/revisions"}],"predecessor-version":[{"id":120,"href":"https:\/\/t-baron.de\/index.php?rest_route=\/wp\/v2\/pages\/52\/revisions\/120"}],"wp:attachment":[{"href":"https:\/\/t-baron.de\/index.php?rest_route=%2Fwp%2Fv2%2Fmedia&parent=52"}],"curies":[{"name":"wp","href":"https:\/\/api.w.org\/{rel}","templated":true}]}}