{"id":26,"date":"2020-02-21T18:14:07","date_gmt":"2020-02-21T18:14:07","guid":{"rendered":"http:\/\/t-baron.de\/?page_id=26"},"modified":"2020-02-22T17:28:57","modified_gmt":"2020-02-22T17:28:57","slug":"holzschutz","status":"publish","type":"page","link":"https:\/\/t-baron.de\/?page_id=26","title":{"rendered":"Holz und Holzschutz"},"content":{"rendered":"\n<p>Die Bewertung von Altsubstanz beinhaltet in aller Regel auch die Begutachtung von Holz. Mit der Qualifikation als Holzschutzgutachter geh\u00f6ren Objektanalysen mit Befundaufnahme und Bewertung bez\u00fcglich Holzsch\u00e4digungen zum Leistungsspektrum und sind ein wichtiges Bindeglied f\u00fcr die Ingenieurtechnische Beurteilung der bestehenden Holzkonstruktionen. Neben der Bestimmung der Sch\u00e4digungsart und der Bewertung des Gef\u00e4hrdungspotenzials, arbeiten wir individuell angepasste Sanierungskonzeptionen aus, die von der Ausschreibung \u00fcber die Vergabe und Bau\u00fcberwachung vor Ort bis zur Abnahme betreut werden.<\/p>\n\n\n\n<figure class=\"wp-block-image size-large\"><img loading=\"lazy\" width=\"1024\" height=\"768\" src=\"http:\/\/t-baron.de\/wp-content\/uploads\/2020\/02\/Dachst1-1024x768.jpg\" alt=\"\" class=\"wp-image-102\" srcset=\"https:\/\/t-baron.de\/wp-content\/uploads\/2020\/02\/Dachst1-1024x768.jpg 1024w, https:\/\/t-baron.de\/wp-content\/uploads\/2020\/02\/Dachst1-300x225.jpg 300w, https:\/\/t-baron.de\/wp-content\/uploads\/2020\/02\/Dachst1-768x576.jpg 768w, https:\/\/t-baron.de\/wp-content\/uploads\/2020\/02\/Dachst1-1536x1152.jpg 1536w, https:\/\/t-baron.de\/wp-content\/uploads\/2020\/02\/Dachst1.jpg 1920w\" sizes=\"(max-width: 767px) 89vw, (max-width: 1000px) 54vw, (max-width: 1071px) 543px, 580px\" \/><\/figure>\n\n\n\n<figure class=\"wp-block-image size-large\"><img loading=\"lazy\" width=\"667\" height=\"500\" src=\"http:\/\/t-baron.de\/wp-content\/uploads\/2020\/02\/Maz1.jpg\" alt=\"\" class=\"wp-image-93\" srcset=\"https:\/\/t-baron.de\/wp-content\/uploads\/2020\/02\/Maz1.jpg 667w, https:\/\/t-baron.de\/wp-content\/uploads\/2020\/02\/Maz1-300x225.jpg 300w\" sizes=\"(max-width: 667px) 100vw, 667px\" \/><\/figure>\n\n\n\n<figure class=\"wp-block-image size-large\"><img loading=\"lazy\" width=\"745\" height=\"555\" src=\"http:\/\/t-baron.de\/wp-content\/uploads\/2020\/02\/WP1.jpg\" alt=\"\" class=\"wp-image-90\" srcset=\"https:\/\/t-baron.de\/wp-content\/uploads\/2020\/02\/WP1.jpg 745w, https:\/\/t-baron.de\/wp-content\/uploads\/2020\/02\/WP1-300x223.jpg 300w\" sizes=\"(max-width: 706px) 89vw, (max-width: 767px) 82vw, 740px\" \/><\/figure>\n\n\n\n<p>Entsprechen Holzlieferungen nicht den bestellten oder ausgeschriebenen Qualit\u00e4ten\noder bestehen Zweifel an einzubauenden Holzarten, ist deren Bestimmung\nerforderlich, um im Planungskonzept festgelegte nat\u00fcrliche Dauerhaftigkeiten sicher\nzu stellen. \n\nIm Denkmalbereich m\u00fcssen Holzboden-, Treppen-, Vert\u00e4felungs- oder\nIntarsienerg\u00e4nzungen an die vorhandenen Holzarten angepasst werden. Auf\nGrundlage mikroskopischer Untersuchungen werden Holzartenbestimmungen im Labor\ndurchgef\u00fchrt und die Holzart bestimmt.\n\n\n\n<\/p>\n\n\n\n<figure class=\"wp-block-image size-large\"><img loading=\"lazy\" width=\"962\" height=\"291\" src=\"http:\/\/t-baron.de\/wp-content\/uploads\/2020\/02\/WRC1.jpg\" alt=\"\" class=\"wp-image-84\" srcset=\"https:\/\/t-baron.de\/wp-content\/uploads\/2020\/02\/WRC1.jpg 962w, https:\/\/t-baron.de\/wp-content\/uploads\/2020\/02\/WRC1-300x91.jpg 300w, https:\/\/t-baron.de\/wp-content\/uploads\/2020\/02\/WRC1-768x232.jpg 768w\" sizes=\"(max-width: 767px) 89vw, (max-width: 1000px) 54vw, (max-width: 1071px) 543px, 580px\" \/><\/figure>\n\n\n\n<figure class=\"wp-block-image size-large\"><img loading=\"lazy\" width=\"650\" height=\"488\" src=\"http:\/\/t-baron.de\/wp-content\/uploads\/2020\/02\/Fi1.jpg\" alt=\"\" class=\"wp-image-81\" srcset=\"https:\/\/t-baron.de\/wp-content\/uploads\/2020\/02\/Fi1.jpg 650w, https:\/\/t-baron.de\/wp-content\/uploads\/2020\/02\/Fi1-300x225.jpg 300w\" sizes=\"(max-width: 650px) 100vw, 650px\" \/><\/figure>\n","protected":false},"excerpt":{"rendered":"<p>Die Bewertung von Altsubstanz beinhaltet in aller Regel auch die Begutachtung von Holz. Mit der Qualifikation als Holzschutzgutachter geh\u00f6ren Objektanalysen mit Befundaufnahme und Bewertung bez\u00fcglich Holzsch\u00e4digungen zum Leistungsspektrum und sind ein wichtiges Bindeglied f\u00fcr die Ingenieurtechnische Beurteilung der bestehenden Holzkonstruktionen. Neben der Bestimmung der Sch\u00e4digungsart und der Bewertung des Gef\u00e4hrdungspotenzials, arbeiten wir individuell angepasste Sanierungskonzeptionen &hellip; <\/p>\n<p class=\"link-more\"><a href=\"https:\/\/t-baron.de\/?page_id=26\" class=\"more-link\"><span class=\"screen-reader-text\">\u201eHolz und Holzschutz\u201c<\/span> weiterlesen<\/a><\/p>\n","protected":false},"author":1,"featured_media":0,"parent":0,"menu_order":0,"comment_status":"closed","ping_status":"closed","template":"","meta":[],"_links":{"self":[{"href":"https:\/\/t-baron.de\/index.php?rest_route=\/wp\/v2\/pages\/26"}],"collection":[{"href":"https:\/\/t-baron.de\/index.php?rest_route=\/wp\/v2\/pages"}],"about":[{"href":"https:\/\/t-baron.de\/index.php?rest_route=\/wp\/v2\/types\/page"}],"author":[{"embeddable":true,"href":"https:\/\/t-baron.de\/index.php?rest_route=\/wp\/v2\/users\/1"}],"replies":[{"embeddable":true,"href":"https:\/\/t-baron.de\/index.php?rest_route=%2Fwp%2Fv2%2Fcomments&post=26"}],"version-history":[{"count":4,"href":"https:\/\/t-baron.de\/index.php?rest_route=\/wp\/v2\/pages\/26\/revisions"}],"predecessor-version":[{"id":125,"href":"https:\/\/t-baron.de\/index.php?rest_route=\/wp\/v2\/pages\/26\/revisions\/125"}],"wp:attachment":[{"href":"https:\/\/t-baron.de\/index.php?rest_route=%2Fwp%2Fv2%2Fmedia&parent=26"}],"curies":[{"name":"wp","href":"https:\/\/api.w.org\/{rel}","templated":true}]}}